{"id":241,"date":"2024-10-07T15:42:22","date_gmt":"2024-10-07T15:42:22","guid":{"rendered":"https:\/\/ikala.com.tr\/?page_id=241"},"modified":"2025-02-28T00:40:30","modified_gmt":"2025-02-28T00:40:30","slug":"insan-kaynaklari-danismanligi","status":"publish","type":"page","link":"http:\/\/ikala.com.tr\/?page_id=241","title":{"rendered":"\u0130nsan Kaynaklar\u0131 Dan\u0131\u015fmanl\u0131\u011f\u0131"},"content":{"rendered":"","protected":false},"excerpt":{"rendered":"","protected":false},"author":1,"featured_media":0,"parent":0,"menu_order":0,"comment_status":"closed","ping_status":"closed","template":"","meta":{"footnotes":""},"class_list":["post-241","page","type-page","status-publish","hentry"],"_links":{"self":[{"href":"http:\/\/ikala.com.tr\/index.php?rest_route=\/wp\/v2\/pages\/241","targetHints":{"allow":["GET"]}}],"collection":[{"href":"http:\/\/ikala.com.tr\/index.php?rest_route=\/wp\/v2\/pages"}],"about":[{"href":"http:\/\/ikala.com.tr\/index.php?rest_route=\/wp\/v2\/types\/page"}],"author":[{"embeddable":true,"href":"http:\/\/ikala.com.tr\/index.php?rest_route=\/wp\/v2\/users\/1"}],"replies":[{"embeddable":true,"href":"http:\/\/ikala.com.tr\/index.php?rest_route=%2Fwp%2Fv2%2Fcomments&post=241"}],"version-history":[{"count":3,"href":"http:\/\/ikala.com.tr\/index.php?rest_route=\/wp\/v2\/pages\/241\/revisions"}],"predecessor-version":[{"id":256,"href":"http:\/\/ikala.com.tr\/index.php?rest_route=\/wp\/v2\/pages\/241\/revisions\/256"}],"wp:attachment":[{"href":"http:\/\/ikala.com.tr\/index.php?rest_route=%2Fwp%2Fv2%2Fmedia&parent=241"}],"curies":[{"name":"wp","href":"https:\/\/api.w.org\/{rel}","templated":true}]}}