{"id":290,"date":"2024-10-10T12:55:49","date_gmt":"2024-10-10T12:55:49","guid":{"rendered":"https:\/\/ikala.com.tr\/?page_id=290"},"modified":"2025-03-08T13:38:37","modified_gmt":"2025-03-08T13:38:37","slug":"cozum-ortaklarimiz","status":"publish","type":"page","link":"http:\/\/ikala.com.tr\/?page_id=290","title":{"rendered":"\u00c7\u00f6z\u00fcm Havuzu"},"content":{"rendered":"","protected":false},"excerpt":{"rendered":"","protected":false},"author":1,"featured_media":0,"parent":0,"menu_order":0,"comment_status":"closed","ping_status":"closed","template":"","meta":{"footnotes":""},"class_list":["post-290","page","type-page","status-publish","hentry"],"_links":{"self":[{"href":"http:\/\/ikala.com.tr\/index.php?rest_route=\/wp\/v2\/pages\/290","targetHints":{"allow":["GET"]}}],"collection":[{"href":"http:\/\/ikala.com.tr\/index.php?rest_route=\/wp\/v2\/pages"}],"about":[{"href":"http:\/\/ikala.com.tr\/index.php?rest_route=\/wp\/v2\/types\/page"}],"author":[{"embeddable":true,"href":"http:\/\/ikala.com.tr\/index.php?rest_route=\/wp\/v2\/users\/1"}],"replies":[{"embeddable":true,"href":"http:\/\/ikala.com.tr\/index.php?rest_route=%2Fwp%2Fv2%2Fcomments&post=290"}],"version-history":[{"count":3,"href":"http:\/\/ikala.com.tr\/index.php?rest_route=\/wp\/v2\/pages\/290\/revisions"}],"predecessor-version":[{"id":784,"href":"http:\/\/ikala.com.tr\/index.php?rest_route=\/wp\/v2\/pages\/290\/revisions\/784"}],"wp:attachment":[{"href":"http:\/\/ikala.com.tr\/index.php?rest_route=%2Fwp%2Fv2%2Fmedia&parent=290"}],"curies":[{"name":"wp","href":"https:\/\/api.w.org\/{rel}","templated":true}]}}