{"id":627,"date":"2025-02-27T23:16:04","date_gmt":"2025-02-27T23:16:04","guid":{"rendered":"https:\/\/ikala.com.tr\/?page_id=627"},"modified":"2025-02-28T15:17:21","modified_gmt":"2025-02-28T15:17:21","slug":"dijital-627","status":"publish","type":"page","link":"http:\/\/ikala.com.tr\/?page_id=627","title":{"rendered":"Dijital D\u00f6n\u00fc\u015f\u00fcm Dan\u0131\u015fmanl\u0131\u011f\u0131"},"content":{"rendered":"","protected":false},"excerpt":{"rendered":"","protected":false},"author":1,"featured_media":0,"parent":0,"menu_order":0,"comment_status":"closed","ping_status":"closed","template":"","meta":{"footnotes":""},"class_list":["post-627","page","type-page","status-publish","hentry"],"_links":{"self":[{"href":"http:\/\/ikala.com.tr\/index.php?rest_route=\/wp\/v2\/pages\/627","targetHints":{"allow":["GET"]}}],"collection":[{"href":"http:\/\/ikala.com.tr\/index.php?rest_route=\/wp\/v2\/pages"}],"about":[{"href":"http:\/\/ikala.com.tr\/index.php?rest_route=\/wp\/v2\/types\/page"}],"author":[{"embeddable":true,"href":"http:\/\/ikala.com.tr\/index.php?rest_route=\/wp\/v2\/users\/1"}],"replies":[{"embeddable":true,"href":"http:\/\/ikala.com.tr\/index.php?rest_route=%2Fwp%2Fv2%2Fcomments&post=627"}],"version-history":[{"count":2,"href":"http:\/\/ikala.com.tr\/index.php?rest_route=\/wp\/v2\/pages\/627\/revisions"}],"predecessor-version":[{"id":639,"href":"http:\/\/ikala.com.tr\/index.php?rest_route=\/wp\/v2\/pages\/627\/revisions\/639"}],"wp:attachment":[{"href":"http:\/\/ikala.com.tr\/index.php?rest_route=%2Fwp%2Fv2%2Fmedia&parent=627"}],"curies":[{"name":"wp","href":"https:\/\/api.w.org\/{rel}","templated":true}]}}