{"id":659,"date":"2025-02-28T13:03:18","date_gmt":"2025-02-28T13:03:18","guid":{"rendered":"https:\/\/ikala.com.tr\/?page_id=659"},"modified":"2025-02-28T13:03:18","modified_gmt":"2025-02-28T13:03:18","slug":"hucresel-ve-butuncul-saglik-danismanligi","status":"publish","type":"page","link":"http:\/\/ikala.com.tr\/?page_id=659","title":{"rendered":"H\u00fccresel ve B\u00fct\u00fcnc\u00fcl Sa\u011fl\u0131k Dan\u0131\u015fmanl\u0131\u011f\u0131"},"content":{"rendered":"","protected":false},"excerpt":{"rendered":"","protected":false},"author":1,"featured_media":0,"parent":0,"menu_order":0,"comment_status":"closed","ping_status":"closed","template":"","meta":{"footnotes":""},"class_list":["post-659","page","type-page","status-publish","hentry"],"_links":{"self":[{"href":"http:\/\/ikala.com.tr\/index.php?rest_route=\/wp\/v2\/pages\/659","targetHints":{"allow":["GET"]}}],"collection":[{"href":"http:\/\/ikala.com.tr\/index.php?rest_route=\/wp\/v2\/pages"}],"about":[{"href":"http:\/\/ikala.com.tr\/index.php?rest_route=\/wp\/v2\/types\/page"}],"author":[{"embeddable":true,"href":"http:\/\/ikala.com.tr\/index.php?rest_route=\/wp\/v2\/users\/1"}],"replies":[{"embeddable":true,"href":"http:\/\/ikala.com.tr\/index.php?rest_route=%2Fwp%2Fv2%2Fcomments&post=659"}],"version-history":[{"count":1,"href":"http:\/\/ikala.com.tr\/index.php?rest_route=\/wp\/v2\/pages\/659\/revisions"}],"predecessor-version":[{"id":663,"href":"http:\/\/ikala.com.tr\/index.php?rest_route=\/wp\/v2\/pages\/659\/revisions\/663"}],"wp:attachment":[{"href":"http:\/\/ikala.com.tr\/index.php?rest_route=%2Fwp%2Fv2%2Fmedia&parent=659"}],"curies":[{"name":"wp","href":"https:\/\/api.w.org\/{rel}","templated":true}]}}