{"id":662,"date":"2025-02-28T13:03:54","date_gmt":"2025-02-28T13:03:54","guid":{"rendered":"https:\/\/ikala.com.tr\/?page_id=662"},"modified":"2025-02-28T13:04:53","modified_gmt":"2025-02-28T13:04:53","slug":"egzersiz-ve-fitness-danismanligi","status":"publish","type":"page","link":"http:\/\/ikala.com.tr\/?page_id=662","title":{"rendered":"Egzersiz ve Fitness Dan\u0131\u015fmanl\u0131\u011f\u0131"},"content":{"rendered":"","protected":false},"excerpt":{"rendered":"","protected":false},"author":1,"featured_media":0,"parent":0,"menu_order":0,"comment_status":"closed","ping_status":"closed","template":"","meta":{"footnotes":""},"class_list":["post-662","page","type-page","status-publish","hentry"],"_links":{"self":[{"href":"http:\/\/ikala.com.tr\/index.php?rest_route=\/wp\/v2\/pages\/662","targetHints":{"allow":["GET"]}}],"collection":[{"href":"http:\/\/ikala.com.tr\/index.php?rest_route=\/wp\/v2\/pages"}],"about":[{"href":"http:\/\/ikala.com.tr\/index.php?rest_route=\/wp\/v2\/types\/page"}],"author":[{"embeddable":true,"href":"http:\/\/ikala.com.tr\/index.php?rest_route=\/wp\/v2\/users\/1"}],"replies":[{"embeddable":true,"href":"http:\/\/ikala.com.tr\/index.php?rest_route=%2Fwp%2Fv2%2Fcomments&post=662"}],"version-history":[{"count":1,"href":"http:\/\/ikala.com.tr\/index.php?rest_route=\/wp\/v2\/pages\/662\/revisions"}],"predecessor-version":[{"id":664,"href":"http:\/\/ikala.com.tr\/index.php?rest_route=\/wp\/v2\/pages\/662\/revisions\/664"}],"wp:attachment":[{"href":"http:\/\/ikala.com.tr\/index.php?rest_route=%2Fwp%2Fv2%2Fmedia&parent=662"}],"curies":[{"name":"wp","href":"https:\/\/api.w.org\/{rel}","templated":true}]}}